{"id":25,"date":"2015-02-05T10:22:10","date_gmt":"2015-02-05T08:22:10","guid":{"rendered":"http:\/\/wpcharming.wpengine.com\/construction\/?page_id=25"},"modified":"2017-12-08T15:21:06","modified_gmt":"2017-12-08T12:21:06","slug":"iletisim","status":"publish","type":"page","link":"http:\/\/www.elifmarket.de\/tr\/iletisim\/","title":{"rendered":"\u0130leti\u015fim"},"content":{"rendered":"<section class=\"wpb-content-wrapper\"><p>[vc_row row_type=&#8221;row_full_center_content&#8221; padding_top=&#8221;10&#8243;][vc_column width=&#8221;1\/2&#8243;]\n\t<div class=\"custom-heading wpb_content_element \">\n\t\t<h2 class=\"heading-title\" >\u0130leti\u015fim Formu<\/h2>\n\t\t<span class=\"heading-line primary\"><\/span>\n\t<\/div>[vc_column_text]Soru ve \u00d6nerileriniz i\u00e7in a\u015fa\u011f\u0131daki formu doldurabilir, bizimle irtibata ge\u00e7ebilirsiniz. En k\u0131sa s\u00fcrede size ula\u015faca\u011f\u0131z.[\/vc_column_text]<div role=\"form\" class=\"wpcf7\" id=\"wpcf7-f1011-o1\" lang=\"tr-TR\" dir=\"ltr\">\n<div class=\"screen-reader-response\"><p role=\"status\" aria-live=\"polite\" aria-atomic=\"true\"><\/p> <ul><\/ul><\/div>\n<form action=\"\/tr\/wp-json\/wp\/v2\/pages\/25#wpcf7-f1011-o1\" method=\"post\" class=\"wpcf7-form init\" novalidate=\"novalidate\" data-status=\"init\">\n<div style=\"display: none;\">\n<input type=\"hidden\" name=\"_wpcf7\" value=\"1011\" \/>\n<input type=\"hidden\" name=\"_wpcf7_version\" value=\"5.6.4\" \/>\n<input type=\"hidden\" name=\"_wpcf7_locale\" value=\"tr_TR\" \/>\n<input type=\"hidden\" name=\"_wpcf7_unit_tag\" value=\"wpcf7-f1011-o1\" \/>\n<input type=\"hidden\" name=\"_wpcf7_container_post\" value=\"0\" \/>\n<input type=\"hidden\" name=\"_wpcf7_posted_data_hash\" value=\"\" \/>\n<\/div>\n<div class=\"form_1_2\">\n<span class=\"wpcf7-form-control-wrap\" data-name=\"first-name\"><input type=\"text\" name=\"first-name\" value=\"\" size=\"40\" class=\"wpcf7-form-control wpcf7-text wpcf7-validates-as-required\" aria-required=\"true\" aria-invalid=\"false\" placeholder=\"Ad\u0131n\u0131z *\" \/><\/span>\n<\/div>\n<div class=\"form_1_2 last\">\n<span class=\"wpcf7-form-control-wrap\" data-name=\"last-name\"><input type=\"text\" name=\"last-name\" value=\"\" size=\"40\" class=\"wpcf7-form-control wpcf7-text wpcf7-validates-as-required\" aria-required=\"true\" aria-invalid=\"false\" placeholder=\"Soyad\u0131n\u0131z *\" \/><\/span>\n<\/div>\n<div class=\"clear\"><\/div>\n<div class=\"form_1_2\">\n<span class=\"wpcf7-form-control-wrap\" data-name=\"your-email\"><input type=\"email\" name=\"your-email\" value=\"\" size=\"40\" class=\"wpcf7-form-control wpcf7-text wpcf7-email wpcf7-validates-as-required wpcf7-validates-as-email\" aria-required=\"true\" aria-invalid=\"false\" placeholder=\"Mail Adresiniz *\" \/><\/span>\n<\/div>\n<div class=\"form_1_2 last\">\n<span class=\"wpcf7-form-control-wrap\" data-name=\"tel-879\"><input type=\"tel\" name=\"tel-879\" value=\"\" size=\"40\" class=\"wpcf7-form-control wpcf7-text wpcf7-tel wpcf7-validates-as-required wpcf7-validates-as-tel\" aria-required=\"true\" aria-invalid=\"false\" placeholder=\"Telefon *\" \/><\/span>\n<\/div>\n<div class=\"clear\"><\/div>\n<p><span class=\"wpcf7-form-control-wrap\" data-name=\"your-subject\"><input type=\"text\" name=\"your-subject\" value=\"\" size=\"40\" class=\"wpcf7-form-control wpcf7-text\" aria-invalid=\"false\" placeholder=\"Konu\" \/><\/span><\/p>\n<p><span class=\"wpcf7-form-control-wrap\" data-name=\"your-message\"><textarea name=\"your-message\" cols=\"40\" rows=\"10\" class=\"wpcf7-form-control wpcf7-textarea\" aria-invalid=\"false\" placeholder=\"Mesaj\u0131n\u0131z\"><\/textarea><\/span><\/p>\n<p><span class=\"wpcf7-form-control-wrap\" data-name=\"acceptance-665\"><span class=\"wpcf7-form-control wpcf7-acceptance\"><span class=\"wpcf7-list-item\"><input type=\"checkbox\" name=\"acceptance-665\" value=\"1\" aria-invalid=\"false\" \/><\/span><\/span><\/span><a href=\"\/datenschutz\/\">Gizlilik Politikas\u0131n\u0131<\/a> okudum ve kabul ediyorum.<\/p>\n<p><input type=\"submit\" value=\"G\u00f6nder\" class=\"wpcf7-form-control has-spinner wpcf7-submit btn btn-large btn-secondary\" \/><\/p>\n<div class=\"wpcf7-response-output\" aria-hidden=\"true\"><\/div><\/form><\/div>[\/vc_column][vc_column width=&#8221;1\/2&#8243;][vc_row_inner][vc_column_inner width=&#8221;1\/2&#8243; css=&#8221;.vc_custom_1423767656799{margin-top: 60px !important;margin-bottom: 40px !important;}&#8221;][vc_column_text]<\/p>\n<h4>ADRES<\/h4>\n<p><span class=\"section-info-text\">Eppinghofer Str. 157<br \/>\n<\/span><span class=\"section-info-text\">45468 M\u00fclheim an der Ruhr<\/span>[\/vc_column_text][\/vc_column_inner][vc_column_inner width=&#8221;1\/2&#8243; css=&#8221;.vc_custom_1423767662799{margin-top: 60px !important;margin-bottom: 40px !important;}&#8221;][vc_column_text]<\/p>\n<h4>\u0130LET\u0130\u015e\u0130M B\u0130LG\u0130LER\u0130<\/h4>\n<p>Tel.: +49 (0208) 44488918<br \/>\nFax: +49 (0208) 44488921<br \/>\n<a href=\"mailto:info@elifmarket.de\">info@elifmarket.de<\/a>[\/vc_column_text][\/vc_column_inner][\/vc_row_inner][vc_column_text]<br \/>\n<iframe loading=\"lazy\" style=\"border: 0;\" src=\"https:\/\/www.google.com\/maps\/embed?pb=!1m14!1m8!1m3!1d9948.98412527851!2d6.8875812!3d51.4352754!3m2!1i1024!2i768!4f13.1!3m3!1m2!1s0x0%3A0xa11976822932bf61!2sELIF+UG+(haftungsbeschr%C3%A4nkt)!5e0!3m2!1str!2sde!4v1512666338345\" width=\"100%\" height=\"415\" frameborder=\"0\" allowfullscreen=\"allowfullscreen\"><\/iframe>[\/vc_column_text][\/vc_column][\/vc_row]<\/p>\n<\/section>","protected":false},"excerpt":{"rendered":"<p>[vc_row row_type=&#8221;row_full_center_content&#8221; padding_top=&#8221;10&#8243;][vc_column width=&#8221;1\/2&#8243;][vc_column_text]Soru ve \u00d6nerileriniz i\u00e7in a\u015fa\u011f\u0131daki formu doldurabilir, bizimle irtibata ge\u00e7ebilirsiniz. En k\u0131sa s\u00fcrede size ula\u015faca\u011f\u0131z.[\/vc_column_text][\/vc_column][vc_column width=&#8221;1\/2&#8243;][vc_row_inner][vc_column_inner width=&#8221;1\/2&#8243; css=&#8221;.vc_custom_1423767656799{margin-top: &#8230;<\/p>\n","protected":false},"author":1,"featured_media":0,"parent":0,"menu_order":0,"comment_status":"open","ping_status":"closed","template":"","meta":[],"aioseo_notices":[],"_links":{"self":[{"href":"http:\/\/www.elifmarket.de\/tr\/wp-json\/wp\/v2\/pages\/25"}],"collection":[{"href":"http:\/\/www.elifmarket.de\/tr\/wp-json\/wp\/v2\/pages"}],"about":[{"href":"http:\/\/www.elifmarket.de\/tr\/wp-json\/wp\/v2\/types\/page"}],"author":[{"embeddable":true,"href":"http:\/\/www.elifmarket.de\/tr\/wp-json\/wp\/v2\/users\/1"}],"replies":[{"embeddable":true,"href":"http:\/\/www.elifmarket.de\/tr\/wp-json\/wp\/v2\/comments?post=25"}],"version-history":[{"count":6,"href":"http:\/\/www.elifmarket.de\/tr\/wp-json\/wp\/v2\/pages\/25\/revisions"}],"predecessor-version":[{"id":1050,"href":"http:\/\/www.elifmarket.de\/tr\/wp-json\/wp\/v2\/pages\/25\/revisions\/1050"}],"wp:attachment":[{"href":"http:\/\/www.elifmarket.de\/tr\/wp-json\/wp\/v2\/media?parent=25"}],"curies":[{"name":"wp","href":"https:\/\/api.w.org\/{rel}","templated":true}]}}