{"id":21,"date":"2015-02-05T10:21:41","date_gmt":"2015-02-05T08:21:41","guid":{"rendered":"http:\/\/wpcharming.wpengine.com\/construction\/?page_id=21"},"modified":"2017-12-13T00:56:27","modified_gmt":"2017-12-12T23:56:27","slug":"kunye","status":"publish","type":"page","link":"http:\/\/www.elifmarket.de\/tr\/kunye\/","title":{"rendered":"K\u00fcnye"},"content":{"rendered":"<section class=\"wpb-content-wrapper\"><p>[vc_row padding_top=&#8221;10&#8243; padding_bottom=&#8221;10&#8243;][vc_column]\n\t<div class=\"custom-heading wpb_content_element  heading-medium\">\n\t\t<h2 class=\"heading-title\" >K\u00dcNYE-IMPRESSUM<\/h2>\n\t\t<span class=\"heading-line primary\"><\/span>\n\t<\/div>[vc_column_text]<\/p>\n<h2>Impressum<\/h2>\n<p>Elif GmbH<br \/>\nEppinghofer Str. 157<br \/>\n45468 M\u00fclheim an der Ruhr<\/p>\n<p>Telefon: +49 (0208) 44488918<br \/>\nTelefax: +49 (0208) 44488921<br \/>\nE-Mail: <a href=\"mailto:info@elifmarket.de\">info@elifmarket.de<\/a><\/p>\n<p><strong>Gesch\u00e4ftsf\u00fchrerin:<\/strong><br \/>\nAyse Aslan<\/p>\n<p><strong>Registereintrag:<\/strong><br \/>\nEingetragen im Handelsregister.<br \/>\nRegistergericht: Duisburg<br \/>\nRegisternummer: HRB24989<\/p>\n<p><strong>Steuernummer:<br \/>\n<\/strong>120\/5718\/0408<\/p>\n<p><strong>Bildrechte:<\/strong><br \/>\nFoto www.redwebdesign.de<\/p>\n<p>&nbsp;<\/p>\n<h2>Hinweis gem\u00e4\u00df Online-Streitbeilegungs-Verordnung<\/h2>\n<p>Nach geltendem Recht sind wir verpflichtet, Verbraucher auf die Existenz der Europ\u00e4ischen Online-Streitbeilegungs-Plattform hinzuweisen, die f\u00fcr die Beilegung von Streitigkeiten genutzt werden kann, ohne dass ein Gericht eingeschaltet werden muss. F\u00fcr die Einrichtung der Plattform ist die Europ\u00e4ische Kommission zust\u00e4ndig. Die Europ\u00e4ische Online-Streitbeilegungs-Plattform ist hier zu finden: <a href=\"http:\/\/ec.europa.eu\/odr\" target=\"_blank\" rel=\"nofollow noopener\">http:\/\/ec.europa.eu\/odr<\/a>. Unsere E-Mail lautet: <a href=\"mailto:info@elifmarket.de\">info@elifmarket.de<\/a><\/p>\n<p>Wir weisen aber darauf hin, dass wir nicht bereit sind, uns am Streitbeilegungsverfahren im Rahmen der Europ\u00e4ischen Online-Streitbeilegungs-Plattform zu beteiligen. Nutzen Sie zur Kontaktaufnahme bitte unsere obige E-Mail und Telefonnummer.<\/p>\n<p>&nbsp;<\/p>\n<h2>Hinweis gem\u00e4\u00df Verbraucherstreitbeilegungsgesetz (VSBG)<\/h2>\n<p>Wir sind nicht bereit und verpflichtet, an Streitbeilegungsverfahren vor einer Verbraucherschlichtungsstelle teilzunehmen.<\/p>\n<p>Quelle: <a href=\"http:\/\/www.impressum-recht.de\/impressum-generator\/\">Impressum-Generator von Impressum-Recht.de<\/a>[\/vc_column_text][\/vc_column][\/vc_row]<\/p>\n<\/section>","protected":false},"excerpt":{"rendered":"<p>[vc_row padding_top=&#8221;10&#8243; padding_bottom=&#8221;10&#8243;][vc_column][vc_column_text] Impressum Elif GmbH Eppinghofer Str. 157 45468 M\u00fclheim an der Ruhr Telefon: +49 (0208) 44488918 Telefax: +49 (0208) &#8230;<\/p>\n","protected":false},"author":1,"featured_media":0,"parent":0,"menu_order":0,"comment_status":"open","ping_status":"closed","template":"","meta":[],"aioseo_notices":[],"_links":{"self":[{"href":"http:\/\/www.elifmarket.de\/tr\/wp-json\/wp\/v2\/pages\/21"}],"collection":[{"href":"http:\/\/www.elifmarket.de\/tr\/wp-json\/wp\/v2\/pages"}],"about":[{"href":"http:\/\/www.elifmarket.de\/tr\/wp-json\/wp\/v2\/types\/page"}],"author":[{"embeddable":true,"href":"http:\/\/www.elifmarket.de\/tr\/wp-json\/wp\/v2\/users\/1"}],"replies":[{"embeddable":true,"href":"http:\/\/www.elifmarket.de\/tr\/wp-json\/wp\/v2\/comments?post=21"}],"version-history":[{"count":8,"href":"http:\/\/www.elifmarket.de\/tr\/wp-json\/wp\/v2\/pages\/21\/revisions"}],"predecessor-version":[{"id":1052,"href":"http:\/\/www.elifmarket.de\/tr\/wp-json\/wp\/v2\/pages\/21\/revisions\/1052"}],"wp:attachment":[{"href":"http:\/\/www.elifmarket.de\/tr\/wp-json\/wp\/v2\/media?parent=21"}],"curies":[{"name":"wp","href":"https:\/\/api.w.org\/{rel}","templated":true}]}}