{"id":17,"date":"2015-02-05T10:21:11","date_gmt":"2015-02-05T10:21:11","guid":{"rendered":"http:\/\/wpcharming.wpengine.com\/construction\/?page_id=17"},"modified":"2022-11-10T14:02:39","modified_gmt":"2022-11-10T13:02:39","slug":"gizlilik-politikasi","status":"publish","type":"page","link":"http:\/\/www.elifmarket.de\/tr\/gizlilik-politikasi\/","title":{"rendered":"Gizlilik Politikas\u0131"},"content":{"rendered":"<section class=\"wpb-content-wrapper\"><p>[vc_row padding_top=&#8221;10&#8243; padding_bottom=&#8221;0&#8243;][vc_column]\n\t<div class=\"custom-heading wpb_content_element  heading-medium\">\n\t\t<h2 class=\"heading-title\" >G\u0130ZL\u0130L\u0130K POL\u0130T\u0130KASI - DATENSCHUTZ<\/h2>\n\t\t<span class=\"heading-line primary\"><\/span>\n\t<\/div>[vc_column_text]<\/p>\n<h2>Datenschutzerkl\u00e4rung:<\/h2>\n<p><strong>Datenschutz<\/strong><br \/>\nNachfolgend m\u00f6chten wir Sie \u00fcber unsere Datenschutzerkl\u00e4rung informieren. Sie finden hier Informationen \u00fcber die Erhebung und Verwendung pers\u00f6nlicher Daten bei der Nutzung unserer Webseite. Wir beachten dabei das f\u00fcr Deutschland geltende Datenschutzrecht. Sie k\u00f6nnen diese Erkl\u00e4rung jederzeit auf unserer Webseite abrufen.<\/p>\n<p>Wir weisen ausdr\u00fccklich darauf hin, dass die Daten\u00fcbertragung im Internet (z.B. bei der Kommunikation per E-Mail) Sicherheitsl\u00fccken aufweisen und nicht l\u00fcckenlos vor dem Zugriff durch Dritte gesch\u00fctzt werden kann.<\/p>\n<p>Die Verwendung der Kontaktdaten unseres Impressums zur gewerblichen Werbung ist ausdr\u00fccklich nicht erw\u00fcnscht, es sei denn wir hatten zuvor unsere schriftliche Einwilligung erteilt oder es besteht bereits eine Gesch\u00e4ftsbeziehung. Der Anbieter und alle auf dieser Website genannten Personen widersprechen hiermit jeder kommerziellen Verwendung und Weitergabe ihrer Daten.<\/p>\n<p><strong>Personenbezogene Daten<\/strong><\/p>\n<p>Sie k\u00f6nnen unsere Webseite ohne Angabe personenbezogener Daten besuchen. Soweit auf unseren Seiten personenbezogene Daten (wie Name, Anschrift oder E-Mail Adresse) erhoben werden, erfolgt dies, soweit m\u00f6glich, auf freiwilliger Basis. Diese Daten werden ohne Ihre ausdr\u00fcckliche Zustimmung nicht an Dritte weitergegeben. Sofern zwischen Ihnen und uns ein Vertragsverh\u00e4ltnis begr\u00fcndet, inhaltlich ausgestaltet oder ge\u00e4ndert werden soll oder Sie an uns eine Anfrage stellen, erheben und verwenden wir personenbezogene Daten von Ihnen, soweit dies zu diesen Zwecken erforderlich ist (Bestandsdaten). Wir erheben, verarbeiten und nutzen personenbezogene Daten soweit dies erforderlich ist, um Ihnen die Inanspruchnahme des Webangebots zu erm\u00f6glichen (Nutzungsdaten). S\u00e4mtliche personenbezogenen Daten werden nur solange gespeichert wie dies f\u00fcr den geannten Zweck (Bearbeitung Ihrer Anfrage oder Abwicklung eines Vertrags) erforderlich ist. Hierbei werden steuer- und handelsrechtliche Aufbewahrungsfristen ber\u00fccksichtigt. Auf Anordnung der zust\u00e4ndigen Stellen d\u00fcrfen wir im Einzelfall Auskunft \u00fcber diese Daten (Bestandsdaten) erteilen, soweit dies f\u00fcr Zwecke der Strafverfolgung, zur Gefahrenabwehr, zur Erf\u00fcllung der gesetzlichen Aufgaben der Verfassungsschutzbeh\u00f6rden oder des Milit\u00e4rischen Abschirmdienstes oder zur Durchsetzung der Rechte am geistigen Eigentum erforderlich ist.<\/p>\n<p><strong>Newsletterfunktionen<\/strong><br \/>\nDurch die freiwillige Eintragung Ihrer E-Mail-Adresse in unseren Newsletter und Best\u00e4tigung dieser per Double-Opt-In-Verfahren erkl\u00e4ren Sie Ihre Einwilligung, dass Sie unseren E-Mail-Newsletter erhalten m\u00f6chten. Sie k\u00f6nnen dieser Verwendung Ihrer E-Mail-Adresse jederzeit widersprechen, ohne dass hierf\u00fcr andere als die \u00dcbermittlungskosten nach den Basistarifen entstehen. Sie k\u00f6nnen sich jederzeit aus dem Newsletter abmelden. Jede E-Mail enth\u00e4lt einen \u201eAbmelden\u201c-Link. F\u00fcr den Empfang des Newsletters ist die Angabe einer E-Mail-Adresse ausreichend. Zus\u00e4tzliche freiwillige Angaben dienen lediglich der Personalisierung des Newsletters.<\/p>\n<p><strong>Datenschutzerkl\u00e4rung f\u00fcr das Facebook-Plugin (\u201eGef\u00e4llt mir\u201c)<\/strong><br \/>\nDiese Webseite nutzt Plugins des Anbieters Facebook.com, welche durch das Unternehmen Facebook Inc., 1601 S. California Avenue, Palo Alto, CA 94304 in den USA bereitgestellt werden. Nutzer unserer Webseite, auf der das Facebook-Plugin (\u201eGef\u00e4llt mir\u201c-Button) installiert ist, werden hiermit darauf hingewiesen, dass durch das Plugin eine Verbindung zu Facebook aufgebaut wird, wodurch eine \u00dcbermittlung an Ihren Browser durchgef\u00fchrt wird, damit das Plugin auf der Webseite erscheint.<br \/>\nDes Weiteren werden durch die Nutzung Daten an die Facebook-Server weitergeleitet, welche Informationen \u00fcber Ihre Webseitenbesuche auf unserer Homepage enthalten. Dies hat f\u00fcr eingeloggte Facebook-Nutzer zur Folge, dass die Nutzungsdaten Ihrem pers\u00f6nlichen Facebook-Account zugeordnet werden.<br \/>\nSobald Sie als eingeloggter Facebook-Nutzer aktiv das Facebook-Plugin nutzen (z.B. durch das Klicken auf den \u201eGef\u00e4llt mir\u201c Knopf oder die Nutzung der Kommentarfunktion), werden diese Daten zu Ihrem Facebook-Account \u00fcbertragen und ver\u00f6ffentlicht. Dies k\u00f6nnen Sie nur durch vorheriges Ausloggen aus Ihrem Facebook-Account umgehen.<br \/>\nWeitere Information bez\u00fcglich der Datennutzung durch Facebook entnehmen Sie bitte den datenschutzrechtlichen Bestimmungen auf Facebook unter <a href=\"http:\/\/de-de.facebook.com\/policy.php\" rel=\"nofollow\">http:\/\/de-de.facebook.com\/policy.php<\/a>.<\/p>\n<p><strong>Datenschutzerkl\u00e4rung f\u00fcr den Webanalysedienst Google Analytics<\/strong><br \/>\nDiese Website benutzt Google Analytics, einen Webanalysedienst der Google Inc. (&#8220;Google&#8221;). Google Analytics verwendet sog. &#8220;Cookies&#8221;, Textdateien, die auf Ihrem Computer gespeichert werden und die eine Analyse der Benutzung der Website durch Sie erm\u00f6glichen. Die durch den Cookie erzeugten Informationen \u00fcber Ihre Benutzung dieser Website werden in der Regel an einen Server von Google in den USA \u00fcbertragen und dort gespeichert. Wir haben die IP-Anonymisierung aktiviert. Auf dieser Webseite wird Ihre IP-Adresse von Google daher innerhalb von Mitgliedstaaten der Europ\u00e4ischen Union oder in anderen Vertragsstaaten des Abkommens \u00fcber den Europ\u00e4ischen Wirtschaftsraum zuvor gek\u00fcrzt. Nur in Ausnahmef\u00e4llen wird die volle IP-Adresse an einen Server von Google in den USA \u00fcbertragen und dort gek\u00fcrzt. Im Auftrag des Betreibers dieser Website wird Google diese Informationen benutzen, um Ihre Nutzung der Website auszuwerten, um Reports \u00fcber die Websiteaktivit\u00e4ten zusammenzustellen und um weitere mit der Websitenutzung und der Internetnutzung verbundene Dienstleistungen gegen\u00fcber dem Websitebetreiber zu erbringen. Die im Rahmen von Google Analytics von Ihrem Browser \u00fcbermittelte IP-Adresse wird nicht mit anderen Daten von Google zusammengef\u00fchrt. Sie k\u00f6nnen die Speicherung der Cookies durch eine entsprechende Einstellung Ihrer Browser-Software verhindern; wir weisen Sie jedoch darauf hin, dass Sie in diesem Fall gegebenenfalls nicht s\u00e4mtliche Funktionen dieser Website vollumf\u00e4nglich werden nutzen k\u00f6nnen. Sie k\u00f6nnen dar\u00fcber hinaus die Erfassung der durch das Cookie erzeugten und auf Ihre Nutzung der Website bezogenen Daten (inkl. Ihrer IP-Adresse) an Google sowie die Verarbeitung dieser Daten durch Google verhindern, indem sie das unter dem folgenden Link verf\u00fcgbare Browser-Plugin herunterladen und installieren: <a href=\"http:\/\/tools.google.com\/dlpage\/gaoptout?hl=de\" rel=\"nofollow\">http:\/\/tools.google.com\/dlpage\/gaoptout?hl=de<\/a><\/p>\n<p><strong>Datenschutzerkl\u00e4rung f\u00fcr den Webanzeigendienst Google Adsense<\/strong><br \/>\nDiese Website benutzt Google Adsense, einen Webanzeigendienst der Google Inc., USA (&#8220;Google&#8221;). Google Adsense verwendet sog. &#8220;Cookies&#8221; (Textdateien), die auf Ihrem Computer gespeichert werden und die eine Analyse der Benutzung der Website durch Sie erm\u00f6glicht. Google Adsense verwendet auch sog. &#8220;Web Beacons&#8221; (kleine unsichtbare Grafiken) zur Sammlung von Informationen. Durch die Verwendung des Web Beacons k\u00f6nnen einfache Aktionen wie der Besucherverkehr auf der Webseite aufgezeichnet und gesammelt werden. Die durch den Cookie und\/oder Web Beacon erzeugten Informationen \u00fcber Ihre Benutzung diese Website (einschlie\u00dflich Ihrer IP-Adresse) werden an einen Server von Google in den USA \u00fcbertragen und dort gespeichert. Google wird diese Informationen benutzen, um Ihre Nutzung der Website im Hinblick auf die Anzeigen auszuwerten, um Reports \u00fcber die Websiteaktivit\u00e4ten und Anzeigen f\u00fcr die Websitebetreiber zusammenzustellen und um weitere mit der Websitenutzung und der Internetnutzung verbundene Dienstleistungen zu erbringen. Auch wird Google diese Informationen gegebenenfalls an Dritte \u00fcbertragen, sofern dies gesetzlich vorgeschrieben oder soweit Dritte diese Daten im Auftrag von Google verarbeiten. Google wird in keinem Fall Ihre IP-Adresse mit anderen Daten der Google in Verbindung bringen. Das Speichern von Cookies auf Ihrer Festplatte und die Anzeige von Web Beacons k\u00f6nnen Sie verhindern, indem Sie in Ihren Browser-Einstellungen &#8220;keine Cookies akzeptieren&#8221; w\u00e4hlen (Im MS Internet-Explorer unter &#8220;Extras &gt; Internetoptionen &gt; Datenschutz &gt; Einstellung&#8221;; im Firefox unter &#8220;Extras &gt; Einstellungen &gt; Datenschutz &gt; Cookies&#8221;); wir weisen Sie jedoch darauf hin, dass Sie in diesem Fall gegebenenfalls nicht s\u00e4mtliche Funktionen dieser Website voll umf\u00e4nglich nutzen k\u00f6nnen. Durch die Nutzung dieser Website erkl\u00e4ren Sie sich mit der Bearbeitung der \u00fcber Sie erhobenen Daten durch Google in der zuvor beschriebenen Art und Weise und zu dem zuvor benannten Zweck einverstanden.<\/p>\n<p><strong>Datenschutzerkl\u00e4rung f\u00fcr das soziale Netzwerk Google Plus<\/strong><br \/>\nDiese Webseite verwendet die sog. \u201eG +1\u201c-Schaltfl\u00e4che des sozialen Netzwerkes Google Plus, welches von der Google Inc., 1600 Amphitheatre Parkway, Mountain View, CA 94043, United States betrieben wird (\u201eGoogle\u201c). Die Schaltfl\u00e4che ist an dem Zeichen \u201eG +1\u201c zu erkennen. Wenn Sie bei Google Plus registriert sind, k\u00f6nnen Sie mit der \u201eG +1\u201c Schaltfl\u00e4che Ihr Interesse an unserer Webseite ausdr\u00fccken und Inhalte von unserer Webseite auf Google Plus teilen. In dem Falle speichert Google sowohl die Information, dass Sie f\u00fcr einen unserer Inhalte ein \u201eG +1\u201c gegeben haben, als auch Informationen \u00fcber die Seite, die Sie dabei angesehen haben. Ihre \u201eG +1\u201c k\u00f6nnen m\u00f6glicherweise zusammen mit Ihrem Namen (ggf. auch mit Foto &#8211; soweit vorhanden) bei Google Plus in weiteren Google-Diensten, wie der Google Suche oder Ihrem Google-Profil, eingeblendet werden.<br \/>\nZweck und Umfang der Datenerhebung und die weitere Verarbeitung und Nutzung der Daten durch Google sowie Ihre diesbez\u00fcglichen Rechte und Einstellungsm\u00f6glichkeiten zum Schutz Ihrer Privatsph\u00e4re entnehmen Sie bitte Googles Datenschutzhinweisen:<br \/>\n<a href=\"https:\/\/www.google.com\/intl\/de\/policies\/privacy\/\" rel=\"nofollow\">https:\/\/www.google.com\/intl\/de\/policies\/privacy\/<\/a><\/p>\n<p><strong>Datenschutzerkl\u00e4rung f\u00fcr Google Maps von Google Inc.<\/strong><br \/>\nDiese Website verwendet die \u201eGoogle Maps und Routenplaner\u201c- Funktion der Google Inc., 1600 Amphitheatre Parkway, Mountain View, CA 94043, United States (\u201eGoogle\u201c), um geographische Informationen und Anfahrtrouten darzustellen bzw. zu berechnen. Durch Google Maps k\u00f6nnen Daten \u00fcber Ihre Nutzung dieser Webseite an Google \u00fcbertragen, erhoben und von Google genutzt werden. Sie k\u00f6nnen eine solche Daten\u00fcbertragung verhindern, wenn Sie in Ihrem Browser \u201eJavascript\u201c deaktivieren. In dem Falle k\u00f6nnen aber keine Karten angezeigt werden. Durch die Nutzung dieser Webseite und die Nichtdeaktivierung von \u201eJavascript\u201c erkl\u00e4ren Sie Ihr Einverst\u00e4ndnis, dass Sie mit der Bearbeitung Ihrer Daten durch Google zum obigen Zwecke einverstanden sind. Weitere Informationen dar\u00fcber wie \u201eGoogle Maps\u201c und der Routenplaner Ihre Daten verwenden sowie die Datenschutzerkl\u00e4rung von Google finden Sie unter: <a href=\"https:\/\/www.google.com\/intl\/de_de\/help\/terms_maps.html\">https:\/\/www.google.com\/intl\/de_de\/help\/terms_maps.html<\/a><\/p>\n<p><strong>Datenschutzerkl\u00e4rung f\u00fcr die \u201eGoogle Remarketing\u201c und \u201e\u00c4hnliche Zielgruppen\u201c-Funktion der Google Inc.<\/strong><br \/>\nDiese Website verwendet die Remarketing- bzw. &#8220;\u00c4hnliche Zielgruppen&#8221;-Funktion der Google Inc., 1600 Amphitheatre Parkway, Mountain View, CA 94043, United States (\u201eGoogle\u201c). Sie k\u00f6nnen so zielgerichtet mit Werbung angesprochen werden, indem personalisierte und interessenbezogene Anzeigen geschaltet werden, wenn Sie andere Webseiten im sog. \u201eGoogle Display-Netzwerk\u201c besuchen. \u201eGoogle Remarketing\u201c bzw. die Funktion \u201e\u00c4hnliche Zielgruppen\u201c verwendet daf\u00fcr sog. \u201eCookies\u201c, Textdateien, die auf Ihrem Computer gespeichert werden und die eine Analyse der Benutzung der Website durch Sie erm\u00f6glichen. \u00dcber diese Textdateien werden Ihre Besuche sowie anonymisierte Daten \u00fcber die Nutzung der Website erfasst. Personenbezogene Daten werden dabei nicht gespeichert. Besuchen Sie eine andere Webseite im sog. \u201eGoogle Display-Netzwerk\u201c werden Ihnen ggf. Werbeeinblendungen angezeigt, die mit hoher Wahrscheinlichkeit zuvor auf unserer Website aufgerufene Produkt- und Informationsbereiche ber\u00fccksichtigen.<br \/>\nSie k\u00f6nnen das \u201eGoogle Remarketing\u201c bzw. die \u201e\u00c4hnliche Zielgruppen\u201c-Funktion verhindern, indem Sie die Speicherung der Cookies durch eine entsprechende Einstellung Ihrer Browser-Software unterbinden. Wir weisen Sie jedoch darauf hin, dass Sie in diesem Fall gegebenenfalls nicht s\u00e4mtliche Funktionen dieser Website vollumf\u00e4nglich werden nutzen k\u00f6nnen. Sie k\u00f6nnen dar\u00fcber hinaus die Erfassung der durch das Cookie erzeugten und auf Ihre Nutzung der Website bezogenen Daten an Google sowie die Verarbeitung dieser Daten durch Google verhindern, indem sie das unter dem folgenden Link verf\u00fcgbare Browser-Plugin herunterladen und installieren: <a href=\"https:\/\/www.google.com\/settings\/ads\/plugin?hl=de\" target=\"_blank\" rel=\"noopener\">https:\/\/www.google.com\/settings\/ads\/plugin?hl=de<\/a>. Sie k\u00f6nnen zudem die Verwendung von Cookies durch Drittanbieter deaktivieren, indem sie die Deaktivierungsseite der Netzwerkwerbeinitiative (Network Advertising Initiative) unter <a href=\"http:\/\/www.networkadvertising.org\/choices\/\" target=\"_blank\" rel=\"noopener\">http:\/\/www.networkadvertising.org\/choices\/<\/a> aufrufen und die dort genannten weiterf\u00fchrenden Information zum Opt-Out umsetzen. Die Datenschutzerkl\u00e4rung von Google zum Remarketing mit weiteren Informationen finden Sie hier: <a href=\"http:\/\/www.google.com\/privacy\/ads\/\" target=\"_blank\" rel=\"noopener\">http:\/\/www.google.com\/privacy\/ads\/<\/a>.<\/p>\n<p><strong>Datenschutzerkl\u00e4rung f\u00fcr das \u201eGoogle AdWords Conversion-Tracking\u201c von Google Inc.<\/strong><br \/>\nDiese Website verwendet die \u201eGoogle AdWords Conversion-Tracking\u201c- Funktion der Google Inc., 1600 Amphitheatre Parkway, Mountain View, CA 94043, United States (\u201eGoogle\u201c). Google AdWords Conversion-Tracking verwendet sog. \u201eCookies\u201c, Textdateien, die auf Ihrem Computer gespeichert werden und die eine Analyse der Benutzung der Website durch Sie erm\u00f6glichen, wenn Sie auf eine Google-Anzeige gekickt haben. Die Cookies sind maximal 90 Tagen g\u00fcltig. Personenbezogene Daten werden dabei nicht gespeichert. Solange das Cookie g\u00fcltig ist, k\u00f6nnen Google und wir als Webseitenbetreiber erkennen, dass Sie eine Anzeige geklickt haben und zu einer bestimmten Zielseite (z.B. Bestellbest\u00e4tigungsseite, Newsletteranmeldung) gelangt sind. Diese Cookies k\u00f6nnen nicht \u00fcber mehrere Websites von verschiedenen AdWords-Teilnehmern nachverfolgt werden k\u00f6nnen. Durch das Cookie werden in \u201eGoogle AdWords\u201c Conversion-Statistiken erstellt. In diesen Statistiken wird die Anzahl der Nutzer, die auf eine unserer Anzeige geklickt haben, erfasst. Zudem wird gez\u00e4hlt, wie viele Nutzer zu einer Zielseite, die mit einem \u201eConversion-Tag\u201c versehen worden ist, gelangt sind. Die Statistiken enthalten jedoch keine Daten, mit denen Sie sich identifizieren lassen.<br \/>\nDas Speichern von Cookies auf Ihrer Festplatte k\u00f6nnen Sie verhindern, indem Sie in Ihren Browser-Einstellungen &#8220;keine Cookies akzeptieren&#8221; w\u00e4hlen (Im MS Internet-Explorer unter &#8220;Extras &gt; Internetoptionen &gt; Datenschutz &gt; Einstellung&#8221;; im Firefox unter &#8220;Extras &gt; Einstellungen &gt; Datenschutz &gt; Cookies&#8221;); wir weisen Sie jedoch darauf hin, dass Sie in diesem Fall gegebenenfalls nicht s\u00e4mtliche Funktionen dieser Website voll umf\u00e4nglich nutzen k\u00f6nnen. Durch die Nutzung dieser Website erkl\u00e4ren Sie sich mit der Bearbeitung der \u00fcber Sie erhobenen Daten durch Google in der zuvor beschriebenen Art und Weise und zu dem zuvor benannten Zweck einverstanden. Weitere Informationen dar\u00fcber wie Google Conversion-Daten verwendet sowie die Datenschutzerkl\u00e4rung von Google finden Sie unter: <a href=\"https:\/\/support.google.com\/adwords\/answer\/93148?ctx=tltp\" target=\"_blank\" rel=\"noopener\">https:\/\/support.google.com\/adwords\/answer\/93148?ctx=tltp<\/a>, <a href=\"http:\/\/www.google.de\/policies\/privacy\/\" target=\"_blank\" rel=\"noopener\">http:\/\/www.google.de\/policies\/privacy\/<\/a><\/p>\n<p><strong>Google Fonts<\/strong><\/p>\n<p>Unsere Webseite nutzt zur einheitlichen Darstellung von Schriftarten so genannte Web Fonts, die von Google bereitgestellt werden. Das Unternehmen Google ist unter dem Privacy-Shield-Abkommen zertifiziert und damit verpflichtet das europ\u00e4ische Datenschutzrecht einzuhalten. Beim Aufruf einer Seite l\u00e4dt Ihr Browser die ben\u00f6tigten Web Fonts in ihren Browsercache, um Texte und Schriftarten korrekt anzuzeigen.<\/p>\n<p>Zu diesem Zweck muss der von Ihnen verwendete Browser Verbindung zu den Servern von Google aufnehmen. Hierdurch erlangt Google Kenntnis dar\u00fcber, dass \u00fcber Ihre IP-Adresse unsere Webseite aufgerufen wurde. Die Nutzung von Google Web Fonts erfolgt im Interesse einer einheitlichen und ansprechenden Darstellung unserer Online-Angebote. Dies stellt ein berechtigtes Interesse im Sinne von Art. 6 Abs. 1 lit. f DSGVO dar.<\/p>\n<p>Wenn Ihr Browser Web Fonts nicht unterst\u00fctzt, wird eine Standardschrift von Ihrem Computer genutzt.<\/p>\n<p>Weitere Informationen zu Google Web Fonts finden Sie unter <a href=\"https:\/\/developers.google.com\/fonts\/faq\/\">https:\/\/developers.google.com\/fonts\/faq\/<\/a> und in der Datenschutzerkl\u00e4rung von Google: <a href=\"https:\/\/www.google.com\/policies\/privacy\/\" target=\"_blank\" rel=\"noopener\">https:\/\/www.google.com\/policies\/privacy\/<\/a> .<\/p>\n<p>Weiterf\u00fchrende Informationen zum Datenschutz und zur Datennutzung durch Google, finden Sie auf den Webseiten von Google.<\/p>\n<p>Informationen zur \u201eDatennutzung durch Google bei Ihrer Nutzung von Webseites oder Apps unserer Partner\u201c unter <a href=\"https:\/\/www.google.com\/intl\/de\/policies\/privacy\/partners\">https:\/\/www.google.com\/intl\/de\/policies\/privacy\/partners<\/a><\/p>\n<p>Informationen zur \u201eDatennutzung zu Werbezwecken\u201c unter: <a href=\"http:\/\/www.google.com\/policies\/technologies\/ads\">http:\/\/www.google.com\/policies\/technologies\/ads<\/a>,<\/p>\n<p>Informationen verwalten, die Google verwendet, um Ihnen Werbung einzublenden und Einstellungen bez\u00fcglich der Werbung zu treffen finden Sie unter: <a href=\"http:\/\/www.google.de\/settings\/ads\">http:\/\/www.google.de\/settings\/ads<\/a>, und unter: <a href=\"https:\/\/adssettings.google.com\/authenticated\">https:\/\/adssettings.google.com\/authenticated<\/a>.<\/p>\n<p><strong>Auskunftsrecht<\/strong><br \/>\nSie haben das jederzeitige Recht, sich unentgeltlich und unverz\u00fcglich \u00fcber die zu Ihrer Person erhobenen Daten zu erkundigen. Sie haben das jederzeitige Recht, Ihre Zustimmung zur Verwendung Ihrer angegeben pers\u00f6nlichen Daten mit Wirkung f\u00fcr die Zukunft zu widerrufen. Zur Auskunftserteilung wenden Sie sich bitte an den Anbieter unter den Kontaktdaten im Impressum.[\/vc_column_text][\/vc_column][\/vc_row]<\/p>\n<\/section>","protected":false},"excerpt":{"rendered":"<p>[vc_row padding_top=&#8221;10&#8243; padding_bottom=&#8221;0&#8243;][vc_column][vc_column_text] Datenschutzerkl\u00e4rung: Datenschutz Nachfolgend m\u00f6chten wir Sie \u00fcber unsere Datenschutzerkl\u00e4rung informieren. Sie finden hier Informationen \u00fcber die Erhebung und &#8230;<\/p>\n","protected":false},"author":1,"featured_media":0,"parent":0,"menu_order":0,"comment_status":"open","ping_status":"open","template":"","meta":[],"aioseo_notices":[],"_links":{"self":[{"href":"http:\/\/www.elifmarket.de\/tr\/wp-json\/wp\/v2\/pages\/17"}],"collection":[{"href":"http:\/\/www.elifmarket.de\/tr\/wp-json\/wp\/v2\/pages"}],"about":[{"href":"http:\/\/www.elifmarket.de\/tr\/wp-json\/wp\/v2\/types\/page"}],"author":[{"embeddable":true,"href":"http:\/\/www.elifmarket.de\/tr\/wp-json\/wp\/v2\/users\/1"}],"replies":[{"embeddable":true,"href":"http:\/\/www.elifmarket.de\/tr\/wp-json\/wp\/v2\/comments?post=17"}],"version-history":[{"count":4,"href":"http:\/\/www.elifmarket.de\/tr\/wp-json\/wp\/v2\/pages\/17\/revisions"}],"predecessor-version":[{"id":1152,"href":"http:\/\/www.elifmarket.de\/tr\/wp-json\/wp\/v2\/pages\/17\/revisions\/1152"}],"wp:attachment":[{"href":"http:\/\/www.elifmarket.de\/tr\/wp-json\/wp\/v2\/media?parent=17"}],"curies":[{"name":"wp","href":"https:\/\/api.w.org\/{rel}","templated":true}]}}