{"id":13,"date":"2015-02-05T10:20:33","date_gmt":"2015-02-05T10:20:33","guid":{"rendered":"http:\/\/wpcharming.wpengine.com\/construction\/?page_id=13"},"modified":"2017-12-19T16:48:58","modified_gmt":"2017-12-19T15:48:58","slug":"home","status":"publish","type":"page","link":"http:\/\/www.elifmarket.de\/tr\/","title":{"rendered":"Home"},"content":{"rendered":"<section class=\"wpb-content-wrapper\"><p>[vc_row row_type=&#8221;row_fullwidth_content&#8221; margin_top=&#8221;-80&#8243; padding_bottom=&#8221;0&#8243; class=&#8221;fit-screen&#8221;][vc_column][rev_slider_vc alias=&#8221;Home1&#8243;][\/vc_column][\/vc_row][vc_row row_type=&#8221;row_full_center_content&#8221; margin_top=&#8221;-119&#8243; padding_bottom=&#8221;50&#8243; class=&#8221;mobile-no-margin-top inverted-row&#8221;][vc_column width=&#8221;1\/3&#8243;]\n\t<div class=\"wpb_content_element featured-box \" >\n\t\t\t<div class=\"featured-box-thumb\"><a title=\"\" target=\"\" href=\"#\"><img src=\"http:\/\/www.elifmarket.de\/wp-content\/uploads\/2017\/12\/markalar.jpg\"><\/a>\n\t\t\t<\/div>\n\t\t\t<div class=\"featured-box-content\"><h4>Markalar<\/h4>\n\t\t\t\t\t<div class=\"featured-box-desc\"><p>T\u00fcrkiye ve Avrupa'n\u0131n se\u00e7kin markalar\u0131n\u0131 siz de\u011ferli m\u00fc\u015fterilerimize sunuyoruz.<\/p>\n\t\t\t\t\t<\/div>\n\t\t\t<\/div>\n\t<\/div>[\/vc_column][vc_column width=&#8221;1\/3&#8243;]\n\t<div class=\"wpb_content_element featured-box \" >\n\t\t\t<div class=\"featured-box-thumb\"><a title=\"\" target=\"\" href=\"#\"><img src=\"http:\/\/www.elifmarket.de\/wp-content\/uploads\/2017\/12\/musteri_memnuniyeti.jpg\"><\/a>\n\t\t\t<\/div>\n\t\t\t<div class=\"featured-box-content\"><h4>Kalite<\/h4>\n\t\t\t\t\t<div class=\"featured-box-desc\"><p>Sat\u0131\u015fa sunulan \u00fcr\u00fcnler \u00fcr\u00fcn g\u00fcvenli\u011fi ve m\u00fc\u015fteri memnuniyeti g\u00f6z\u00f6n\u00fcne al\u0131narak planlanmaktad\u0131r.<\/p>\n\t\t\t\t\t<\/div>\n\t\t\t<\/div>\n\t<\/div>[\/vc_column][vc_column width=&#8221;1\/3&#8243;]\n\t<div class=\"wpb_content_element featured-box \" >\n\t\t\t<div class=\"featured-box-thumb\"><a title=\"\" target=\"\" href=\"#\"><img src=\"http:\/\/www.elifmarket.de\/wp-content\/uploads\/2017\/12\/balik.jpg\"><\/a>\n\t\t\t<\/div>\n\t\t\t<div class=\"featured-box-content\"><h4>Taze Bal\u0131k Reyonu<\/h4>\n\t\t\t\t\t<div class=\"featured-box-desc\"><p>Her \u00c7ar\u015famba-Cuma-Cumartesi taze bal\u0131k sat\u0131\u015f\u0131 yap\u0131lmaktad\u0131r.<\/p>\n\t\t\t\t\t<\/div>\n\t\t\t<\/div>\n\t<\/div>[\/vc_column][\/vc_row][vc_row row_id=&#8221;onecikan&#8221; row_type=&#8221;row_full_center_content&#8221; padding_top=&#8221;50&#8243; padding_bottom=&#8221;50&#8243;][vc_column]\n\t<div class=\"custom-heading wpb_content_element \">\n\t\t<h2 class=\"heading-title\" >\u00d6ne \u00c7\u0131kan \u00d6zelliklerimiz<\/h2>\n\t\t<span class=\"heading-line primary\"><\/span>\n\t<\/div>[vc_row_inner][vc_column_inner width=&#8221;1\/4&#8243;]\n\t<div class=\"iconbox-wrapper  text-center\">\n\t\t<div class=\"iconbox-icon\">\n\t\t\t\t<i class=\"fa fa-sort-alpha-asc \" style=\"color: #0071bc;font-size:70px;\"><\/i>\n\t\t<\/div>\n\t\t<h4 class=\"iconbox-heading\">\n\t\t\t\t<a href=\"#\">\u00dcr\u00fcn \u00c7e\u015fitlili\u011fi<\/a>\n\t\t<\/h4>\n\t\t\t<div class=\"iconbox-desc\">\n\t\t\t\t<p>Kaliteli ve g\u00fcvenilir \u00fcr\u00fcn \u00e7e\u015fitlili\u011fi sunarak m\u00fc\u015fterilerimizin gereksinimlerini kar\u015f\u0131l\u0131yoruz. <\/p>\n\t\t\t<\/div>\n\t<\/div>[\/vc_column_inner][vc_column_inner width=&#8221;1\/4&#8243;]\n\t<div class=\"iconbox-wrapper  text-center\">\n\t\t<div class=\"iconbox-icon\">\n\t\t\t\t<i class=\"fa fa-car \" style=\"color: #0071bc;font-size:70px;\"><\/i>\n\t\t<\/div>\n\t\t<h4 class=\"iconbox-heading\">Park Alan\u0131\n\t\t<\/h4>\n\t\t\t<div class=\"iconbox-desc\">\n\t\t\t\t<p>Geni\u015f park alan\u0131yla m\u00fc\u015fterilerimize rahat al\u0131\u015fveri\u015f imkan\u0131 sunuyoruz.<\/p>\n\t\t\t<\/div>\n\t<\/div>[\/vc_column_inner][vc_column_inner width=&#8221;1\/4&#8243;]\n\t<div class=\"iconbox-wrapper  text-center\">\n\t\t<div class=\"iconbox-icon\">\n\t\t\t\t<i class=\"fa fa-check-square-o \" style=\"color: #0071bc;font-size:70px;\"><\/i>\n\t\t<\/div>\n\t\t<h4 class=\"iconbox-heading\">Hijyen\n\t\t<\/h4>\n\t\t\t<div class=\"iconbox-desc\">\n\t\t\t\t<p>Hijyen kurallar\u0131na en \u00fcst seviyede dikatt edilerek \u00fcr\u00fcn depolama ve sat\u0131\u015f\u0131n\u0131 yap\u0131yoruz.<\/p>\n\t\t\t<\/div>\n\t<\/div>[\/vc_column_inner][vc_column_inner width=&#8221;1\/4&#8243;]\n\t<div class=\"iconbox-wrapper  text-center\">\n\t\t<div class=\"iconbox-icon\">\n\t\t\t\t<i class=\"fa fa-shopping-cart \" style=\"color: #0071bc;font-size:70px;\"><\/i>\n\t\t<\/div>\n\t\t<h4 class=\"iconbox-heading\">Hesapl\u0131\n\t\t<\/h4>\n\t\t\t<div class=\"iconbox-desc\">\n\t\t\t\t<p>Haftal\u0131k indirim kampanyalar\u0131m\u0131zla m\u00fc\u015fterilerimize hesapl\u0131 al\u0131\u015fveri\u015f sunuyoruz.<\/p>\n\t\t\t<\/div>\n\t<\/div>[\/vc_column_inner][\/vc_row_inner][\/vc_column][\/vc_row][vc_row row_type=&#8221;row_full_center_content&#8221; bg_image=&#8221;944&#8243; row_parallax=&#8221;false&#8221; row_text_color=&#8221;row_text_light&#8221; padding_top=&#8221;150&#8243; padding_bottom=&#8221;150&#8243;][vc_column width=&#8221;2\/3&#8243;][vc_column_text]<\/p>\n<h5 class=\"medium-heading-inverted\">Sebze ve Meyve<em><br \/>\n<\/em><\/h5>\n<h1 class=\"large-heading-inverted\"><strong>G\u00fcnl\u00fck ve Taze Meyve Sebze Reyonlar\u0131 <\/strong><\/h1>\n<h4><span class=\"st\" style=\"color: #ffffff;\">Bir\u00e7ok meyve ve sebze t\u00fcr\u00fcn\u00fcn en iyisini haftan\u0131n her g\u00fcn\u00fc diledi\u011finiz zaman alabilirsiniz.<\/span><\/h4>\n<p>[\/vc_column_text][\/vc_column][vc_column width=&#8221;1\/3&#8243;][\/vc_column][\/vc_row][vc_row row_id=&#8221;hakkimizda&#8221; row_type=&#8221;row_full_center_content&#8221; padding_top=&#8221;60&#8243;][vc_column]\n\t<div class=\"custom-heading wpb_content_element \">\n\t\t<h2 class=\"heading-title\" >B\u0130ZE DA\u0130R<\/h2>\n\t\t<span class=\"heading-line primary\"><\/span>\n\t<\/div>[vc_row_inner][vc_column_inner width=&#8221;1\/2&#8243;][vc_column_text]<\/p>\n<h2>Hakk\u0131m\u0131zda<\/h2>\n<p><span class=\"notranslate\">ELIF GmbH 2004&#8217;den beri gelen tecr\u00fcbemizle M\u00fclheim an der Ruhr&#8217;da geni\u015f \u00fcr\u00fcn \u00e7e\u015fidiyle hizmet vermektedir. T\u00fcrk toplumunun ihtiya\u00e7lar\u0131 do\u011frultusunda kurulan geleneksel market anlay\u0131\u015f\u0131n\u0131n d\u0131\u015f\u0131na \u00e7\u0131karak bu g\u00fcn sadece T\u00fcrklerin de\u011fil Almanya&#8217;da ya\u015fayan bir \u00e7ok toplumunda u\u011frak yeri durumuna geldik.\u00a0<\/span><\/p>\n<p><span class=\"notranslate\"> Avrupa ve T\u00fcrkiye&#8217;de \u00fcretilen meyve, sebze, et \u00fcr\u00fcnleri, kuru g\u0131da gibi bir \u00e7ok \u00fcr\u00fcn\u00fc\u00a0 m\u00fc\u015fterilerimizin be\u011fenisine sunuyoruz. <\/span>M\u00fclheim Merkeze y\u00fcr\u00fcme mesafesinde,\u00a0 geni\u015f ara\u00e7 park\u0131yla, stressiz g\u00fcvenli al\u0131\u015fveri\u015fin adresi olarak hizmetimize devam ediyoruz.[\/vc_column_text][\/vc_column_inner][vc_column_inner width=&#8221;1\/2&#8243;][vc_column_text]<\/p>\n<h2>Misyonumuz<\/h2>\n<p>M\u00fc\u015fterilerimize kaliteli, hijyenik ve g\u00fcvenilir \u00fcr\u00fcnler sunarak kaliteli hizmetimizle m\u00fc\u015fteri memmuniyetini kazanmakt\u0131r. \u00c7evre ve sosyal sorumluluklar\u0131m\u0131z\u0131 yerine getirirerek ileriye y\u00f6nelik yat\u0131r\u0131mlar yapmakt\u0131r.<\/p>\n<h2>Vizyonumuz<\/h2>\n<p>Yenilikci, m\u00fc\u015fteri taleplerini dikkate alan, takip eden de\u011fil, takip edilen m\u00fc\u015fteri memnuniyetini en y\u00fcksek d\u00fczeyde tutarak, sekt\u00f6r\u00fcnde hep daha iyisini sunmak.[\/vc_column_text][\/vc_column_inner][\/vc_row_inner][\/vc_column][\/vc_row][vc_row row_id=&#8221;galeri&#8221; row_type=&#8221;row_full_center_content&#8221; bg_color=&#8221;#222222&#8243; padding_top=&#8221;70&#8243; padding_bottom=&#8221;70&#8243; class=&#8221;inverted-row&#8221;][vc_column]\n\t<div class=\"custom-heading wpb_content_element \" style=\"margin-bottom: -40px;\">\n\t\t<h2 class=\"heading-title\"  style=\"color: #ffffff;\">Marketimiz <\/h2>\n\t\t<span class=\"heading-line \"style=\"background-color: #444444\"><\/span>\n\t<\/div>[vc_empty_space height=&#8221;42px&#8221;][vc_media_grid style=&#8221;lazy&#8221; items_per_page=&#8221;7&#8243; element_width=&#8221;2&#8243; grid_id=&#8221;vc_gid:1513698516861-507bd8d9-601e-3&#8243; include=&#8221;953,955,956,958,959,960,961,962,963,964,965,966&#8243;][\/vc_column][\/vc_row][vc_row row_id=&#8221;sosyal&#8221; row_type=&#8221;row_full_center_content&#8221; padding_top=&#8221;60&#8243; padding_bottom=&#8221;50&#8243;][vc_column width=&#8221;1\/2&#8243;]\n\t<div class=\"custom-heading wpb_content_element \">\n\t\t<h2 class=\"heading-title\" >Sosyal Medya<\/h2>\n\t\t<span class=\"heading-line primary\"><\/span>\n\t<\/div>[vc_column_text]Please check your feed, the data was entered incorrectly.[\/vc_column_text][\/vc_column][vc_column width=&#8221;1\/2&#8243;]\n\t<div class=\"custom-heading wpb_content_element \">\n\t\t<h2 class=\"heading-title\" >M\u00fc\u015fteri G\u00f6r\u00fc\u015fleri<\/h2>\n\t\t<span class=\"heading-line primary\"><\/span>\n\t<\/div>\n\t<div class=\"testimonial_carousel_wrapper\">\n\t\t\t<script type=\"text\/javascript\">\n\t\t\t\tjQuery(document).ready(function(){\n\t\t\t\t\t\"use strict\";\n\t\t\t\t\tjQuery(\".testimonial_carousel_69d02dcf54eff\").slick({\n\t\t\t\t\t\trtl: false,\n\t\t\t\t\t\tautoplay: true ,\n\t\t\t\t\t\tautoplaySpeed: 3000 ,\n\t\t\t\t\t\tspeed: 300 ,\n\t\t\t\t\t\tslidesToShow: 1,\n\t\t\t\t\t\tslidesToScroll: 1,\n\t\t\t\t\t\tdraggable: false,\n\t\t\t\t\t\tprevArrow: \"<span class='carousel-prev'><i class='fa fa-angle-left'><\/i><\/span>\",\n        \t\t\t\tnextArrow: \"<span class='carousel-next'><i class='fa fa-angle-right'><\/i><\/span>\",\n\t\t\t\t\t});\n\t\t\t\t});\n\t\t\t<\/script>\n\t\t<div class=\"testimonial_carousel_69d02dcf54eff\">\n\t\t\t\t<div class=\"testimonial testimonial-item\">\n\t\t\t\t\t<div class=\"testimonial-content\">\n\t\t\t\t\t\tEn b\u00fcy\u00fck avantaj\u0131 park sorunu olmamas\u0131<\/p>\n\t\t\t\t\t<\/div>\n\t\t\t\t\t<div class=\"testimonial-header clearfix\">\n\t\t\t\t\t\t<div class=\"testimonial-avatar\"><img src=\"\" alt=\"Ahmet. \u00c7\"><\/div>\n\t\t\t\t\t\t<div class=\"testimonial-name font-heading\">Ahmet. \u00c7<\/div>\n\t\t\t\t\t<\/div>\n\t\t\t\t<\/div>\n\t\t\t\t<div class=\"testimonial testimonial-item\">\n\t\t\t\t\t<div class=\"testimonial-content\">\n\t\t\t\t\t\t<div class=\"gb-entry-content\">Uzun s\u00fcredir buradan al\u0131\u015fveri\u015f yapmaktay\u0131z. Do\u011fal ve taze \u00fcr\u00fcnleri sunduklar\u0131 i\u00e7in te\u015fekk\u00fcr ediyorum.<\/div>\n\t\t\t\t\t<\/div>\n\t\t\t\t\t<div class=\"testimonial-header clearfix\">\n\t\t\t\t\t\t<div class=\"testimonial-avatar\"><img src=\"\" alt=\"Ya\u015far O.\"><\/div>\n\t\t\t\t\t\t<div class=\"testimonial-name font-heading\">Ya\u015far O.<\/div>\n\t\t\t\t\t<\/div>\n\t\t\t\t<\/div>\n\t\t\t\t<div class=\"testimonial testimonial-item\">\n\t\t\t\t\t<div class=\"testimonial-content\">\n\t\t\t\t\t\t<p>Et ve sebze ger\u00e7ekten harika.\n\t\t\t\t\t<\/div>\n\t\t\t\t\t<div class=\"testimonial-header clearfix\">\n\t\t\t\t\t\t<div class=\"testimonial-avatar\"><img src=\"\" alt=\"Melisa S.\"><\/div>\n\t\t\t\t\t\t<div class=\"testimonial-name font-heading\">Melisa S.<\/div>\n\t\t\t\t\t<\/div>\n\t\t\t\t<\/div>\n\t\t<\/div>\n\t<\/div>[\/vc_column][\/vc_row]<\/p>\n<\/section>","protected":false},"excerpt":{"rendered":"<p>[vc_row row_type=&#8221;row_fullwidth_content&#8221; margin_top=&#8221;-80&#8243; padding_bottom=&#8221;0&#8243; class=&#8221;fit-screen&#8221;][vc_column][rev_slider_vc alias=&#8221;Home1&#8243;][\/vc_column][\/vc_row][vc_row row_type=&#8221;row_full_center_content&#8221; margin_top=&#8221;-119&#8243; padding_bottom=&#8221;50&#8243; class=&#8221;mobile-no-margin-top inverted-row&#8221;][vc_column width=&#8221;1\/3&#8243;][\/vc_column][vc_column width=&#8221;1\/3&#8243;][\/vc_column][vc_column width=&#8221;1\/3&#8243;][\/vc_column][\/vc_row][vc_row row_id=&#8221;onecikan&#8221; row_type=&#8221;row_full_center_content&#8221; padding_top=&#8221;50&#8243; padding_bottom=&#8221;50&#8243;][vc_column][vc_row_inner][vc_column_inner width=&#8221;1\/4&#8243;][\/vc_column_inner][vc_column_inner width=&#8221;1\/4&#8243;][\/vc_column_inner][vc_column_inner width=&#8221;1\/4&#8243;][\/vc_column_inner][vc_column_inner &#8230;<\/p>\n","protected":false},"author":1,"featured_media":0,"parent":0,"menu_order":0,"comment_status":"open","ping_status":"open","template":"","meta":[],"aioseo_notices":[],"_links":{"self":[{"href":"http:\/\/www.elifmarket.de\/tr\/wp-json\/wp\/v2\/pages\/13"}],"collection":[{"href":"http:\/\/www.elifmarket.de\/tr\/wp-json\/wp\/v2\/pages"}],"about":[{"href":"http:\/\/www.elifmarket.de\/tr\/wp-json\/wp\/v2\/types\/page"}],"author":[{"embeddable":true,"href":"http:\/\/www.elifmarket.de\/tr\/wp-json\/wp\/v2\/users\/1"}],"replies":[{"embeddable":true,"href":"http:\/\/www.elifmarket.de\/tr\/wp-json\/wp\/v2\/comments?post=13"}],"version-history":[{"count":29,"href":"http:\/\/www.elifmarket.de\/tr\/wp-json\/wp\/v2\/pages\/13\/revisions"}],"predecessor-version":[{"id":1117,"href":"http:\/\/www.elifmarket.de\/tr\/wp-json\/wp\/v2\/pages\/13\/revisions\/1117"}],"wp:attachment":[{"href":"http:\/\/www.elifmarket.de\/tr\/wp-json\/wp\/v2\/media?parent=13"}],"curies":[{"name":"wp","href":"https:\/\/api.w.org\/{rel}","templated":true}]}}